{"id":87899,"date":"2021-04-26T12:35:46","date_gmt":"2021-04-26T12:35:46","guid":{"rendered":"https:\/\/andando.ch\/new\/?page_id=87899"},"modified":"2021-06-09T05:49:30","modified_gmt":"2021-06-09T05:49:30","slug":"organisationsentwicklung-oe","status":"publish","type":"page","link":"https:\/\/andando.ch\/new\/organisationsentwicklung-oe\/","title":{"rendered":"Organisationsentwicklung OE"},"content":{"rendered":"<p>[vc_row row_height_percent=&#8220;100&#8243; overlay_alpha=&#8220;50&#8243; gutter_size=&#8220;3&#8243; column_width_percent=&#8220;100&#8243; shift_y=&#8220;0&#8243; z_index=&#8220;0&#8243;][vc_column width=&#8220;5\/6&#8243;][vc_custom_heading text_font=&#8220;font-762333&#8243; text_size=&#8220;fontsize-338686&#8243; text_weight=&#8220;700&#8243; text_height=&#8220;fontheight-357766&#8243; text_space=&#8220;fontspace-111509&#8243; text_color=&#8220;color-105898&#8243;]OE[\/vc_custom_heading][vc_custom_heading text_font=&#8220;font-202503&#8243; text_size=&#8220;h4&#8243; text_weight=&#8220;400&#8243; text_height=&#8220;fontheight-357766&#8243;]Nichts ist so best\u00e4ndig wie der Wandel <em>(Heraklit 520 \u2013 460, Ephesos)<\/em>[\/vc_custom_heading][vc_custom_heading text_font=&#8220;font-202503&#8243; text_size=&#8220;h4&#8243; text_weight=&#8220;400&#8243; text_height=&#8220;fontheight-357766&#8243;]Das Leben \u00e4ndert sich st\u00e4ndig. Jeder und jede Einzelne, Arbeitsteams, Familien, Betriebe, Organisationen. Alles ist in Bewegung. Nichts bleibt, wie es ist! Ver\u00e4nderungen k\u00f6nnen Verunsicherungen, Widerst\u00e4nde und manchmal auch \u00c4ngste ausl\u00f6sen. Das kann zu Streit und Trennungen f\u00fchren. Es kann sinnvoll und entlastend sein, Ver\u00e4nderungsprozesse von einer unabh\u00e4ngigen Fachperson begleiten zu lassen. Damit k\u00f6nnen Ressourcen f\u00fcr produktive und kreative Entwicklungen genutzt werden.[\/vc_custom_heading][\/vc_column][vc_column width=&#8220;1\/6&#8243;][vc_icon icon=&#8220;fa fa-arrow-up2&#8243; icon_color=&#8220;color-uydo&#8220; background_style=&#8220;fa-rounded&#8220; size=&#8220;fa-2x&#8220; linked_title=&#8220;yes&#8220; link=&#8220;url:https%3A%2F%2Fandando.ch%2Fnew%2F|title:Mediation&#8220;][\/vc_icon][\/vc_column][\/vc_row]<\/p>\n","protected":false},"excerpt":{"rendered":"<p>[vc_row row_height_percent=&#8220;100&#8243; overlay_alpha=&#8220;50&#8243; gutter_size=&#8220;3&#8243; column_width_percent=&#8220;100&#8243; shift_y=&#8220;0&#8243; z_index=&#8220;0&#8243;][vc_column width=&#8220;5\/6&#8243;][vc_custom_heading text_font=&#8220;font-762333&#8243; text_size=&#8220;fontsize-338686&#8243; text_weight=&#8220;700&#8243; text_height=&#8220;fontheight-357766&#8243; text_space=&#8220;fontspace-111509&#8243; text_color=&#8220;color-105898&#8243;]OE[\/vc_custom_heading][vc_custom_heading text_font=&#8220;font-202503&#8243; text_size=&#8220;h4&#8243; text_weight=&#8220;400&#8243; text_height=&#8220;fontheight-357766&#8243;]Nichts ist so [&hellip;]<\/p>\n","protected":false},"author":1,"featured_media":88586,"parent":0,"menu_order":0,"comment_status":"closed","ping_status":"closed","template":"","meta":{"footnotes":""},"class_list":["post-87899","page","type-page","status-publish","has-post-thumbnail","hentry"],"_links":{"self":[{"href":"https:\/\/andando.ch\/new\/wp-json\/wp\/v2\/pages\/87899","targetHints":{"allow":["GET"]}}],"collection":[{"href":"https:\/\/andando.ch\/new\/wp-json\/wp\/v2\/pages"}],"about":[{"href":"https:\/\/andando.ch\/new\/wp-json\/wp\/v2\/types\/page"}],"author":[{"embeddable":true,"href":"https:\/\/andando.ch\/new\/wp-json\/wp\/v2\/users\/1"}],"replies":[{"embeddable":true,"href":"https:\/\/andando.ch\/new\/wp-json\/wp\/v2\/comments?post=87899"}],"version-history":[{"count":34,"href":"https:\/\/andando.ch\/new\/wp-json\/wp\/v2\/pages\/87899\/revisions"}],"predecessor-version":[{"id":88985,"href":"https:\/\/andando.ch\/new\/wp-json\/wp\/v2\/pages\/87899\/revisions\/88985"}],"wp:featuredmedia":[{"embeddable":true,"href":"https:\/\/andando.ch\/new\/wp-json\/wp\/v2\/media\/88586"}],"wp:attachment":[{"href":"https:\/\/andando.ch\/new\/wp-json\/wp\/v2\/media?parent=87899"}],"curies":[{"name":"wp","href":"https:\/\/api.w.org\/{rel}","templated":true}]}}