{"id":87901,"date":"2021-04-26T12:36:07","date_gmt":"2021-04-26T12:36:07","guid":{"rendered":"https:\/\/andando.ch\/new\/?page_id=87901"},"modified":"2021-06-01T07:02:49","modified_gmt":"2021-06-01T07:02:49","slug":"coaching-am-feuerring","status":"publish","type":"page","link":"https:\/\/andando.ch\/new\/coaching-am-feuerring\/","title":{"rendered":"Coaching am Feuerring"},"content":{"rendered":"<p>[vc_row row_height_percent=&#8220;100&#8243; overlay_alpha=&#8220;50&#8243; gutter_size=&#8220;3&#8243; column_width_percent=&#8220;100&#8243; shift_y=&#8220;0&#8243; z_index=&#8220;0&#8243;][vc_column width=&#8220;5\/6&#8243;][vc_custom_heading text_font=&#8220;font-762333&#8243; text_size=&#8220;fontsize-338686&#8243; text_weight=&#8220;700&#8243; text_height=&#8220;fontheight-357766&#8243; text_space=&#8220;fontspace-111509&#8243; text_color=&#8220;color-105898&#8243;]Coaching am Feuerring[\/vc_custom_heading][vc_custom_heading text_font=&#8220;font-202503&#8243; text_size=&#8220;h4&#8243; text_weight=&#8220;400&#8243; text_height=&#8220;fontheight-357766&#8243;]Sich am Feuer niederlassen und gem\u00fctlich einrichten. Dem Knistern und Knacken zuh\u00f6ren. In die Flammen schauen. Die W\u00e4rme geniessen und nichts m\u00fcssen.[\/vc_custom_heading][vc_custom_heading text_font=&#8220;font-202503&#8243; text_size=&#8220;h4&#8243; text_weight=&#8220;400&#8243; text_height=&#8220;fontheight-357766&#8243;]Abstand gewinnen. Innere Bilder kommen und gehen lassen. Fragen zulassen und wenn es passt, aussprechen. Der Coach h\u00f6rt zu und unterst\u00fctzt dich bei der Suche nach Antworten.[\/vc_custom_heading][vc_custom_heading text_font=&#8220;font-202503&#8243; text_size=&#8220;h4&#8243; text_weight=&#8220;400&#8243; text_height=&#8220;fontheight-357766&#8243;]Langsam miteinander ins Gespr\u00e4ch kommen. \u00dcber das reden, was schwierig und belastend erscheint. Und wieder der Blick ins Feuer. Langsam Klarheit bekommen und die n\u00e4chsten Schritte planen. Vielleicht alles sacken lassen und sich noch einmal ans Feuer setzen. Und wenn Zeit da ist, aufstehen und sich auf den Weg machen.[\/vc_custom_heading][\/vc_column][vc_column width=&#8220;1\/6&#8243;][vc_icon icon=&#8220;fa fa-arrow-up2&#8243; icon_color=&#8220;color-uydo&#8220; background_style=&#8220;fa-rounded&#8220; size=&#8220;fa-2x&#8220; linked_title=&#8220;yes&#8220; link=&#8220;url:https%3A%2F%2Fandando.ch%2Fnew%2F|title:Mediation&#8220;][\/vc_icon][\/vc_column][\/vc_row]<\/p>\n","protected":false},"excerpt":{"rendered":"<p>[vc_row row_height_percent=&#8220;100&#8243; overlay_alpha=&#8220;50&#8243; gutter_size=&#8220;3&#8243; column_width_percent=&#8220;100&#8243; shift_y=&#8220;0&#8243; z_index=&#8220;0&#8243;][vc_column width=&#8220;5\/6&#8243;][vc_custom_heading text_font=&#8220;font-762333&#8243; text_size=&#8220;fontsize-338686&#8243; text_weight=&#8220;700&#8243; text_height=&#8220;fontheight-357766&#8243; text_space=&#8220;fontspace-111509&#8243; text_color=&#8220;color-105898&#8243;]Coaching am Feuerring[\/vc_custom_heading][vc_custom_heading text_font=&#8220;font-202503&#8243; text_size=&#8220;h4&#8243; text_weight=&#8220;400&#8243; text_height=&#8220;fontheight-357766&#8243;]Sich [&hellip;]<\/p>\n","protected":false},"author":1,"featured_media":88587,"parent":0,"menu_order":0,"comment_status":"closed","ping_status":"closed","template":"","meta":{"footnotes":""},"class_list":["post-87901","page","type-page","status-publish","has-post-thumbnail","hentry"],"_links":{"self":[{"href":"https:\/\/andando.ch\/new\/wp-json\/wp\/v2\/pages\/87901","targetHints":{"allow":["GET"]}}],"collection":[{"href":"https:\/\/andando.ch\/new\/wp-json\/wp\/v2\/pages"}],"about":[{"href":"https:\/\/andando.ch\/new\/wp-json\/wp\/v2\/types\/page"}],"author":[{"embeddable":true,"href":"https:\/\/andando.ch\/new\/wp-json\/wp\/v2\/users\/1"}],"replies":[{"embeddable":true,"href":"https:\/\/andando.ch\/new\/wp-json\/wp\/v2\/comments?post=87901"}],"version-history":[{"count":24,"href":"https:\/\/andando.ch\/new\/wp-json\/wp\/v2\/pages\/87901\/revisions"}],"predecessor-version":[{"id":88897,"href":"https:\/\/andando.ch\/new\/wp-json\/wp\/v2\/pages\/87901\/revisions\/88897"}],"wp:featuredmedia":[{"embeddable":true,"href":"https:\/\/andando.ch\/new\/wp-json\/wp\/v2\/media\/88587"}],"wp:attachment":[{"href":"https:\/\/andando.ch\/new\/wp-json\/wp\/v2\/media?parent=87901"}],"curies":[{"name":"wp","href":"https:\/\/api.w.org\/{rel}","templated":true}]}}