{"id":87903,"date":"2021-04-26T12:36:21","date_gmt":"2021-04-26T12:36:21","guid":{"rendered":"https:\/\/andando.ch\/new\/?page_id=87903"},"modified":"2021-06-01T07:00:35","modified_gmt":"2021-06-01T07:00:35","slug":"mediation","status":"publish","type":"page","link":"https:\/\/andando.ch\/new\/mediation\/","title":{"rendered":"Mediation"},"content":{"rendered":"<p>[vc_row unlock_row=&#8220;&#8220; row_height_percent=&#8220;100&#8243; overlay_alpha=&#8220;50&#8243; gutter_size=&#8220;3&#8243; column_width_percent=&#8220;100&#8243; shift_y=&#8220;2&#8243; z_index=&#8220;0&#8243;][vc_column column_width_percent=&#8220;100&#8243; gutter_size=&#8220;3&#8243; overlay_alpha=&#8220;50&#8243; shift_x=&#8220;0&#8243; shift_y=&#8220;0&#8243; shift_y_down=&#8220;0&#8243; z_index=&#8220;0&#8243; medium_width=&#8220;0&#8243; mobile_width=&#8220;0&#8243; width=&#8220;5\/6&#8243;][vc_custom_heading text_font=&#8220;font-762333&#8243; text_size=&#8220;fontsize-338686&#8243; text_weight=&#8220;700&#8243; text_height=&#8220;fontheight-179065&#8243; text_space=&#8220;fontspace-111509&#8243; text_color=&#8220;color-105898&#8243;]Mediation[\/vc_custom_heading][vc_custom_heading text_font=&#8220;font-202503&#8243; text_size=&#8220;h4&#8243; text_weight=&#8220;400&#8243; text_height=&#8220;fontheight-357766&#8243;]Es beginnt mit Unwohlsein und schlechter Stimmung. Man wird d\u00fcnnh\u00e4utig und redet allm\u00e4hlich nicht mehr mit \u2013 sondern nur noch \u00fcbereinander. Herunterschlucken. Lieber nichts, als etwas Falsches sagen. Eisiges Schweigen. Die Blicke gehen auf den Boden. Ausweichen und vermeiden. Es gibt gute Gr\u00fcnde etwas nicht oder \u00fcberhaupt nicht mehr zu tun. Es werden Verb\u00fcndete gesucht und gefunden. Allm\u00e4hlich wird alles aus Porzellan. \u00abEs\u00bb eskaliert tief und tiefer\u2026[\/vc_custom_heading][vc_custom_heading text_font=&#8220;font-202503&#8243; text_size=&#8220;h4&#8243; text_weight=&#8220;400&#8243; text_height=&#8220;fontheight-357766&#8243;]Wir haben es mit einem Konflikt zu tun. Konflikte rufen nach Behandlung. Wenn sie nicht behandelt werden, eskalieren sie weiter. Ungel\u00f6ste Konflikte verursachen hohe Kosten und schaden der Gesundheit.[\/vc_custom_heading][vc_custom_heading text_font=&#8220;font-202503&#8243; text_size=&#8220;h4&#8243; text_weight=&#8220;400&#8243; text_height=&#8220;fontheight-357766&#8243;]In der Mediation geht es darum, dass die Konfliktparteien zuerst mit ihren eigenen \u2013 oft nicht bewussten, unerf\u00fcllten \u2013 Bed\u00fcrfnissen und W\u00fcnschen in Kontakt kommen. Was fehlt mir? Was brauche ich? Was h\u00e4tte ich gerne? Wenn die Konfliktparteien ausdr\u00fccken k\u00f6nnen, was sie brauchen, kann langsam ein Dialog entstehen. Damit entsteht eine emotionale Wende. Das Gespr\u00e4chsklima wird w\u00e4rmer und weicher. Die Parteien \u00f6ffnen sich und k\u00f6nnen die andere Seite besser verstehen. L\u00f6sungen werden m\u00f6glich.[\/vc_custom_heading][vc_custom_heading text_font=&#8220;font-202503&#8243; text_size=&#8220;h4&#8243; text_weight=&#8220;400&#8243; text_height=&#8220;fontheight-357766&#8243;]Die Kunst besteht darin, sich rechtzeitig Unterst\u00fctzung und Hilfe zu organisieren. Der \u00abrichtige\u00bb Zeitpunkt ist dann erreicht, wenn man alleine nicht mehr weiter weiss und den Kr\u00e4ften des Konflikts ausgeliefert ist.[\/vc_custom_heading][\/vc_column][vc_column width=&#8220;1\/6&#8243;][vc_icon icon=&#8220;fa fa-arrow-up2&#8243; icon_color=&#8220;color-uydo&#8220; background_style=&#8220;fa-rounded&#8220; size=&#8220;fa-2x&#8220; linked_title=&#8220;yes&#8220; link=&#8220;url:https%3A%2F%2Fandando.ch%2Fnew%2F|title:Mediation&#8220;][\/vc_icon][\/vc_column][\/vc_row]<\/p>\n","protected":false},"excerpt":{"rendered":"<p>[vc_row unlock_row=&#8220;&#8220; row_height_percent=&#8220;100&#8243; overlay_alpha=&#8220;50&#8243; gutter_size=&#8220;3&#8243; column_width_percent=&#8220;100&#8243; shift_y=&#8220;2&#8243; z_index=&#8220;0&#8243;][vc_column column_width_percent=&#8220;100&#8243; gutter_size=&#8220;3&#8243; overlay_alpha=&#8220;50&#8243; shift_x=&#8220;0&#8243; shift_y=&#8220;0&#8243; shift_y_down=&#8220;0&#8243; z_index=&#8220;0&#8243; medium_width=&#8220;0&#8243; mobile_width=&#8220;0&#8243; width=&#8220;5\/6&#8243;][vc_custom_heading text_font=&#8220;font-762333&#8243; text_size=&#8220;fontsize-338686&#8243; [&hellip;]<\/p>\n","protected":false},"author":1,"featured_media":88585,"parent":0,"menu_order":0,"comment_status":"closed","ping_status":"closed","template":"","meta":{"footnotes":""},"class_list":["post-87903","page","type-page","status-publish","has-post-thumbnail","hentry"],"_links":{"self":[{"href":"https:\/\/andando.ch\/new\/wp-json\/wp\/v2\/pages\/87903","targetHints":{"allow":["GET"]}}],"collection":[{"href":"https:\/\/andando.ch\/new\/wp-json\/wp\/v2\/pages"}],"about":[{"href":"https:\/\/andando.ch\/new\/wp-json\/wp\/v2\/types\/page"}],"author":[{"embeddable":true,"href":"https:\/\/andando.ch\/new\/wp-json\/wp\/v2\/users\/1"}],"replies":[{"embeddable":true,"href":"https:\/\/andando.ch\/new\/wp-json\/wp\/v2\/comments?post=87903"}],"version-history":[{"count":28,"href":"https:\/\/andando.ch\/new\/wp-json\/wp\/v2\/pages\/87903\/revisions"}],"predecessor-version":[{"id":88896,"href":"https:\/\/andando.ch\/new\/wp-json\/wp\/v2\/pages\/87903\/revisions\/88896"}],"wp:featuredmedia":[{"embeddable":true,"href":"https:\/\/andando.ch\/new\/wp-json\/wp\/v2\/media\/88585"}],"wp:attachment":[{"href":"https:\/\/andando.ch\/new\/wp-json\/wp\/v2\/media?parent=87903"}],"curies":[{"name":"wp","href":"https:\/\/api.w.org\/{rel}","templated":true}]}}