{"id":88462,"date":"2017-09-04T14:54:31","date_gmt":"2017-09-04T12:54:31","guid":{"rendered":"https:\/\/undsgn.com\/uncode\/?page_id=65805"},"modified":"2024-03-06T06:35:00","modified_gmt":"2024-03-06T06:35:00","slug":"creative-director-2","status":"publish","type":"page","link":"https:\/\/andando.ch\/new\/","title":{"rendered":"Home Andando"},"content":{"rendered":"<p>[vc_row row_height_percent=&#8220;100&#8243; back_color=&#8220;color-xsdn&#8220; back_image=&#8220;88853&#8243; back_position=&#8220;right top&#8220; overlay_alpha=&#8220;0&#8243; gutter_size=&#8220;3&#8243; column_width_percent=&#8220;100&#8243; shift_y=&#8220;0&#8243; z_index=&#8220;0&#8243; row_name=&#8220;Hallo&#8220;][vc_column column_width_percent=&#8220;100&#8243; position_vertical=&#8220;middle&#8220; gutter_size=&#8220;3&#8243; overlay_alpha=&#8220;50&#8243; shift_x=&#8220;0&#8243; shift_y=&#8220;0&#8243; shift_y_down=&#8220;0&#8243; z_index=&#8220;0&#8243; medium_width=&#8220;4&#8243; mobile_width=&#8220;0&#8243; css_animation=&#8220;bottom-t-top&#8220; animation_delay=&#8220;200&#8243; width=&#8220;1\/1&#8243;][vc_row_inner row_inner_height_percent=&#8220;0&#8243; overlay_alpha=&#8220;50&#8243; gutter_size=&#8220;3&#8243; shift_y=&#8220;0&#8243; z_index=&#8220;0&#8243; limit_content=&#8220;&#8220;][vc_column_inner column_width_percent=&#8220;100&#8243; gutter_size=&#8220;3&#8243; overlay_alpha=&#8220;50&#8243; shift_x=&#8220;0&#8243; shift_y=&#8220;0&#8243; shift_y_down=&#8220;0&#8243; z_index=&#8220;0&#8243; medium_width=&#8220;4&#8243; mobile_width=&#8220;0&#8243; width=&#8220;1\/2&#8243;][vc_empty_space empty_h=&#8220;2&#8243; desktop_visibility=&#8220;yes&#8220; medium_visibility=&#8220;yes&#8220;][vc_empty_space empty_h=&#8220;2&#8243; desktop_visibility=&#8220;yes&#8220; medium_visibility=&#8220;yes&#8220;][vc_empty_space empty_h=&#8220;2&#8243; desktop_visibility=&#8220;yes&#8220; medium_visibility=&#8220;yes&#8220;][vc_empty_space empty_h=&#8220;2&#8243; desktop_visibility=&#8220;yes&#8220; medium_visibility=&#8220;yes&#8220;][vc_empty_space empty_h=&#8220;2&#8243; desktop_visibility=&#8220;yes&#8220; medium_visibility=&#8220;yes&#8220;][vc_custom_heading text_font=&#8220;font-762333&#8243; text_size=&#8220;fontsize-338686&#8243; text_weight=&#8220;700&#8243; text_height=&#8220;fontheight-179065&#8243; text_space=&#8220;fontspace-111509&#8243; text_color=&#8220;color-xsdn&#8220;]andando \u2013 in die G\u00e4nge kommen[\/vc_custom_heading][vc_custom_heading heading_semantic=&#8220;h3&#8243; text_font=&#8220;font-202503&#8243; text_size=&#8220;h4&#8243; text_weight=&#8220;400&#8243; text_height=&#8220;fontheight-357766&#8243; text_space=&#8220;fontspace-781688&#8243; text_color=&#8220;color-jevc&#8220; sub_reduced=&#8220;yes&#8220; mobile_visibility=&#8220;yes&#8220;]<\/p>\n<h2 class=\"font-202503 h2 fontheight-357766 fontspace-781688 font-weight-400\">Entwicklungsprozesse zielf\u00fchrend und wirksam unterst\u00fctzen und begleiten. Coaching f\u00fcr Einzelpersonen, Teams und Organisationen.<\/h2>\n<p>[\/vc_custom_heading][vc_icon icon=&#8220;fa fa-arrow-down2&#8243; icon_color=&#8220;color-808518&#8243; background_style=&#8220;fa-rounded&#8220; size=&#8220;fa-2x&#8220; link=&#8220;url:%23ueber-mich&#8220;][\/vc_icon][\/vc_column_inner][vc_column_inner column_width_percent=&#8220;100&#8243; gutter_size=&#8220;3&#8243; overlay_alpha=&#8220;50&#8243; shift_x=&#8220;0&#8243; shift_y=&#8220;0&#8243; shift_y_down=&#8220;0&#8243; z_index=&#8220;0&#8243; medium_width=&#8220;4&#8243; mobile_visibility=&#8220;yes&#8220; mobile_width=&#8220;0&#8243; width=&#8220;1\/2&#8243;][\/vc_column_inner][\/vc_row_inner][\/vc_column][\/vc_row][vc_row row_height_percent=&#8220;100&#8243; back_color=&#8220;color-105898&#8243; back_image=&#8220;88536&#8243; back_position=&#8220;left center&#8220; kburns=&#8220;yes&#8220; overlay_color=&#8220;color-105898&#8243; overlay_alpha=&#8220;85&#8243; gutter_size=&#8220;3&#8243; column_width_percent=&#8220;100&#8243; shift_y=&#8220;0&#8243; z_index=&#8220;0&#8243; row_name=&#8220;\u00dcber mich&#8220;][vc_column column_width_percent=&#8220;100&#8243; position_vertical=&#8220;middle&#8220; gutter_size=&#8220;4&#8243; style=&#8220;dark&#8220; overlay_alpha=&#8220;50&#8243; shift_x=&#8220;0&#8243; shift_y=&#8220;0&#8243; shift_y_down=&#8220;0&#8243; z_index=&#8220;0&#8243; medium_width=&#8220;0&#8243; mobile_width=&#8220;0&#8243; css_animation=&#8220;bottom-t-top&#8220; animation_delay=&#8220;200&#8243; width=&#8220;1\/1&#8243;][vc_row_inner row_inner_height_percent=&#8220;0&#8243; overlay_alpha=&#8220;50&#8243; gutter_size=&#8220;4&#8243; shift_y=&#8220;0&#8243; z_index=&#8220;0&#8243; limit_content=&#8220;&#8220;][vc_column_inner column_width_percent=&#8220;100&#8243; gutter_size=&#8220;3&#8243; style=&#8220;dark&#8220; overlay_alpha=&#8220;50&#8243; shift_x=&#8220;0&#8243; shift_y=&#8220;0&#8243; shift_y_down=&#8220;0&#8243; z_index=&#8220;0&#8243; medium_width=&#8220;0&#8243; mobile_width=&#8220;0&#8243; width=&#8220;1\/2&#8243;][vc_custom_heading heading_semantic=&#8220;h6&#8243; text_font=&#8220;font-762333&#8243; text_size=&#8220;fontsize-160000&#8243; text_weight=&#8220;600&#8243; text_transform=&#8220;uppercase&#8220; text_height=&#8220;fontheight-179065&#8243; text_space=&#8220;fontspace-781688&#8243;]\u00dcber mich[\/vc_custom_heading][vc_custom_heading text_font=&#8220;font-762333&#8243; text_size=&#8220;fontsize-338686&#8243; text_weight=&#8220;700&#8243; text_height=&#8220;fontheight-179065&#8243; text_space=&#8220;fontspace-781688&#8243;]andando \u2013 aufmerksam, erfahren, ruhig, neugierig[\/vc_custom_heading][\/vc_column_inner][vc_column_inner column_width_percent=&#8220;100&#8243; position_horizontal=&#8220;left&#8220; gutter_size=&#8220;4&#8243; style=&#8220;dark&#8220; overlay_alpha=&#8220;50&#8243; shift_x=&#8220;0&#8243; shift_y=&#8220;0&#8243; shift_y_down=&#8220;0&#8243; z_index=&#8220;0&#8243; medium_width=&#8220;0&#8243; mobile_width=&#8220;0&#8243; width=&#8220;1\/2&#8243;][vc_custom_heading text_font=&#8220;font-202503&#8243; text_size=&#8220;h4&#8243; text_weight=&#8220;400&#8243; text_height=&#8220;fontheight-357766&#8243;]<\/p>\n<p class=\"font-202503 h2 fontheight-357766 fontspace-781688 font-weight-400\">Ich verf\u00fcge \u00fcber viel praktische Erfahrung in den Feldern Schule, Erwachsenenbildung, F\u00fchrung von NPO\u2019s, Organisationsentwicklung und Mediation.<\/p>\n<p class=\"font-202503 h2 fontheight-357766 fontspace-781688 font-weight-400\">Zusammen mit den berufsbegleitenden Lehrg\u00e4ngen und Ausbildungen Management f\u00fcr Non Profit Organisationen, Theologie f\u00fcr Laien, akademische Supervision und Coaching, Konfliktmanagement und dem Masterlehrgang in Organisationsentwicklung ergibt sich eine breite Basis an Theorie und Praxis f\u00fcr die Arbeit mit Kundinnen und Kunden.<\/p>\n<h2 class=\"font-202503 h2 fontheight-357766 fontspace-781688 font-weight-400\">andando wurde 2004 gegr\u00fcndet und entwickelt sich st\u00e4ndig weiter.<\/h2>\n<p>[\/vc_custom_heading][\/vc_column_inner][\/vc_row_inner][vc_separator][\/vc_column][\/vc_row][vc_row row_height_percent=&#8220;100&#8243; override_padding=&#8220;yes&#8220; h_padding=&#8220;0&#8243; top_padding=&#8220;0&#8243; bottom_padding=&#8220;2&#8243; back_color=&#8220;color-xsdn&#8220; overlay_color=&#8220;color-xsdn&#8220; overlay_alpha=&#8220;63&#8243; equal_height=&#8220;yes&#8220; gutter_size=&#8220;0&#8243; column_width_percent=&#8220;100&#8243; shift_y=&#8220;0&#8243; z_index=&#8220;0&#8243; row_name=&#8220;Angebot&#8220;][vc_column column_width_percent=&#8220;100&#8243; align_horizontal=&#8220;align_center&#8220; gutter_size=&#8220;1&#8243; override_padding=&#8220;yes&#8220; column_padding=&#8220;0&#8243; font_family=&#8220;font-202503&#8243; overlay_alpha=&#8220;50&#8243; shift_x=&#8220;0&#8243; shift_y=&#8220;0&#8243; shift_y_down=&#8220;0&#8243; z_index=&#8220;0&#8243; medium_width=&#8220;0&#8243; mobile_width=&#8220;0&#8243; width=&#8220;1\/1&#8243;][uncode_index el_id=&#8220;index-133484&#8243; loop=&#8220;size:3|order_by:date|post_type:page|by_id:87903,87901,87899|taxonomy_count:10&#8243; gutter_size=&#8220;0&#8243; page_items=&#8220;media|featured|onpost|original&#8220; screen_lg=&#8220;1000&#8243; screen_md=&#8220;600&#8243; screen_sm=&#8220;480&#8243; single_overlay_opacity=&#8220;50&#8243; single_padding=&#8220;2&#8243; custom_order=&#8220;yes&#8220; order_ids=&#8220;87899,87903,87901&#8243; items=&#8220;eyI4Nzg5OV9pIjp7InNpbmdsZV93aWR0aCI6IjEyIn0sIjg3OTAzX2kiOnsic2luZ2xlX3dpZHRoIjoiNiJ9LCI4NzkwMV9pIjp7InNpbmdsZV93aWR0aCI6IjYifX0=&#8220;][\/vc_column][\/vc_row][vc_row row_height_percent=&#8220;100&#8243; back_color=&#8220;color-wvjs&#8220; back_image=&#8220;88536&#8243; kburns=&#8220;yes&#8220; overlay_color=&#8220;color-105898&#8243; overlay_alpha=&#8220;90&#8243; gutter_size=&#8220;3&#8243; column_width_percent=&#8220;100&#8243; shift_y=&#8220;0&#8243; z_index=&#8220;0&#8243; el_class=&#8220;gradient&#8220; row_name=&#8220;Ansichten &amp; Werte&#8220;][vc_column column_width_percent=&#8220;100&#8243; position_vertical=&#8220;middle&#8220; gutter_size=&#8220;3&#8243; style=&#8220;dark&#8220; overlay_alpha=&#8220;50&#8243; shift_x=&#8220;0&#8243; shift_y=&#8220;0&#8243; shift_y_down=&#8220;0&#8243; z_index=&#8220;0&#8243; medium_width=&#8220;0&#8243; mobile_width=&#8220;0&#8243; css_animation=&#8220;bottom-t-top&#8220; animation_delay=&#8220;200&#8243; width=&#8220;1\/1&#8243;][vc_row_inner row_inner_height_percent=&#8220;0&#8243; overlay_alpha=&#8220;50&#8243; equal_height=&#8220;yes&#8220; gutter_size=&#8220;4&#8243; shift_y=&#8220;0&#8243; z_index=&#8220;0&#8243; limit_content=&#8220;&#8220;][vc_column_inner column_width_percent=&#8220;100&#8243; gutter_size=&#8220;3&#8243; style=&#8220;dark&#8220; overlay_alpha=&#8220;50&#8243; shift_x=&#8220;0&#8243; shift_y=&#8220;0&#8243; shift_y_down=&#8220;0&#8243; z_index=&#8220;0&#8243; medium_width=&#8220;0&#8243; mobile_width=&#8220;0&#8243; width=&#8220;1\/2&#8243;][vc_custom_heading text_font=&#8220;font-762333&#8243; text_size=&#8220;fontsize-338686&#8243; text_weight=&#8220;700&#8243; text_height=&#8220;fontheight-179065&#8243; text_space=&#8220;fontspace-111509&#8243; text_color=&#8220;color-xsdn&#8220;]Ansichten<br \/>\n&amp; Werte[\/vc_custom_heading][vc_separator][\/vc_column_inner][vc_column_inner column_width_percent=&#8220;100&#8243; gutter_size=&#8220;3&#8243; style=&#8220;dark&#8220; font_family=&#8220;font-202503&#8243; overlay_alpha=&#8220;50&#8243; shift_x=&#8220;0&#8243; shift_y=&#8220;-1&#8243; shift_y_down=&#8220;0&#8243; z_index=&#8220;0&#8243; medium_width=&#8220;0&#8243; mobile_width=&#8220;0&#8243; width=&#8220;1\/2&#8243;][vc_custom_heading text_size=&#8220;h4&#8243;]Masterthesis: Mit Begeisterung (mit)arbeiten<\/p>\n<h2 class=\"font-202503 h2 fontheight-357766 fontspace-781688 font-weight-400\">Lesen Sie meine Masterthesis: \u00abWie Unternehmen zu lernenden Organisationen werden und was dabei zu beachten ist.\u00bb<\/h2>\n<p>[\/vc_custom_heading][vc_custom_heading]<\/p>\n<h3><a href=\"https:\/\/andando.ch\/new\/wp-content\/uploads\/2021\/05\/Masterthesis.pdf\">Ansicht \/ Download PDF<\/a><\/h3>\n<p>[\/vc_custom_heading][\/vc_column_inner][\/vc_row_inner][\/vc_column][\/vc_row][vc_row row_height_percent=&#8220;100&#8243; back_color=&#8220;color-xsdn&#8220; back_image=&#8220;88700&#8243; back_position=&#8220;center top&#8220; overlay_color=&#8220;color-105898&#8243; overlay_alpha=&#8220;52&#8243; gutter_size=&#8220;4&#8243; column_width_percent=&#8220;100&#8243; shift_y=&#8220;0&#8243; z_index=&#8220;0&#8243; row_name=&#8220;Kontakt&#8220;][vc_column column_width_percent=&#8220;100&#8243; position_vertical=&#8220;middle&#8220; gutter_size=&#8220;0&#8243; overlay_alpha=&#8220;50&#8243; shift_x=&#8220;0&#8243; shift_y=&#8220;0&#8243; shift_y_down=&#8220;0&#8243; z_index=&#8220;0&#8243; medium_width=&#8220;0&#8243; mobile_width=&#8220;0&#8243; css_animation=&#8220;bottom-t-top&#8220; animation_delay=&#8220;200&#8243; width=&#8220;1\/1&#8243;][vc_row_inner row_inner_height_percent=&#8220;0&#8243; overlay_alpha=&#8220;50&#8243; gutter_size=&#8220;4&#8243; shift_y=&#8220;0&#8243; z_index=&#8220;0&#8243; limit_content=&#8220;&#8220;][vc_column_inner column_width_percent=&#8220;100&#8243; gutter_size=&#8220;0&#8243; overlay_alpha=&#8220;50&#8243; shift_x=&#8220;0&#8243; shift_y=&#8220;0&#8243; shift_y_down=&#8220;0&#8243; z_index=&#8220;0&#8243; medium_width=&#8220;0&#8243; mobile_width=&#8220;0&#8243; width=&#8220;5\/6&#8243;][vc_empty_space empty_h=&#8220;2&#8243; medium_visibility=&#8220;yes&#8220; mobile_visibility=&#8220;yes&#8220;][vc_custom_heading text_font=&#8220;font-762333&#8243; text_size=&#8220;fontsize-338686&#8243; text_weight=&#8220;700&#8243; text_height=&#8220;fontheight-179065&#8243; text_space=&#8220;fontspace-111509&#8243; text_color=&#8220;color-xsdn&#8220;]Der erste Schritt:[\/vc_custom_heading][vc_custom_heading text_font=&#8220;font-202503&#8243; text_size=&#8220;h4&#8243; text_weight=&#8220;400&#8243; text_height=&#8220;fontheight-357766&#8243; text_space=&#8220;fontspace-781688&#8243; text_color=&#8220;color-xsdn&#8220; mobile_visibility=&#8220;yes&#8220;]<\/p>\n<h2 class=\"font-202503 h2 fontheight-357766 fontspace-781688 font-weight-400\">Sich auf den Weg machen. Begegnungen und Austausch auf Augenh\u00f6he und eine professionelle Begleitung er\u00f6ffnen neue M\u00f6glichkeiten. Kontaktieren Sie mich.<\/h2>\n<p>[\/vc_custom_heading][vc_custom_heading text_font=&#8220;font-202503&#8243; text_size=&#8220;h4&#8243; text_weight=&#8220;400&#8243; text_height=&#8220;fontheight-357766&#8243; text_space=&#8220;fontspace-781688&#8243; text_color=&#8220;color-xsdn&#8220;]<\/p>\n<h2 class=\"font-202503 h2 fontheight-357766 fontspace-781688 font-weight-400\"><a href=\"mailto:info@andando.ch\">info@andando.ch<\/a><\/h2>\n<p>[\/vc_custom_heading][vc_custom_heading text_font=&#8220;font-202503&#8243; text_size=&#8220;h4&#8243; text_weight=&#8220;400&#8243; text_height=&#8220;fontheight-357766&#8243; text_space=&#8220;fontspace-781688&#8243; text_color=&#8220;color-xsdn&#8220;]<\/p>\n<h2 class=\"font-202503 h2 fontheight-357766 fontspace-781688 font-weight-400\">+41 (0)79 339 76 89<\/h2>\n<p>[\/vc_custom_heading][\/vc_column_inner][vc_column_inner column_width_percent=&#8220;100&#8243; position_vertical=&#8220;bottom&#8220; align_horizontal=&#8220;align_right&#8220; gutter_size=&#8220;0&#8243; overlay_alpha=&#8220;50&#8243; shift_x=&#8220;0&#8243; shift_y=&#8220;0&#8243; shift_y_down=&#8220;0&#8243; z_index=&#8220;0&#8243; align_medium=&#8220;align_left_tablet&#8220; medium_width=&#8220;0&#8243; mobile_visibility=&#8220;yes&#8220; align_mobile=&#8220;align_left_mobile&#8220; mobile_width=&#8220;0&#8243; width=&#8220;1\/6&#8243;][vc_empty_space empty_h=&#8220;2&#8243; medium_visibility=&#8220;yes&#8220; mobile_visibility=&#8220;yes&#8220;][\/vc_column_inner][\/vc_row_inner][\/vc_column][\/vc_row][vc_row row_height_percent=&#8220;50&#8243; override_padding=&#8220;yes&#8220; h_padding=&#8220;2&#8243; top_padding=&#8220;7&#8243; bottom_padding=&#8220;7&#8243; back_color=&#8220;color-105898&#8243; overlay_alpha=&#8220;100&#8243; gutter_size=&#8220;4&#8243; column_width_percent=&#8220;100&#8243; shift_y=&#8220;0&#8243; z_index=&#8220;0&#8243; mobile_visibility=&#8220;yes&#8220;][vc_column column_width_percent=&#8220;100&#8243; position_horizontal=&#8220;left&#8220; gutter_size=&#8220;3&#8243; style=&#8220;dark&#8220; overlay_alpha=&#8220;100&#8243; shift_x=&#8220;0&#8243; shift_y=&#8220;0&#8243; z_index=&#8220;0&#8243; medium_visibility=&#8220;yes&#8220; medium_width=&#8220;2&#8243; mobile_width=&#8220;0&#8243; zoom_width=&#8220;0&#8243; zoom_height=&#8220;0&#8243; width=&#8220;1\/4&#8243;][vc_custom_heading heading_semantic=&#8220;h5&#8243; text_size=&#8220;h3&#8243;]Adresse[\/vc_custom_heading][vc_column_text]andando \u2013 organisationsentwicklung &amp; mediation<br \/>\nMarkus Grob<br \/>\nakad. Supervision &amp; Coach<br \/>\nMSc Organisational Development<br \/>\nzert. Mediator<br \/>\nSeminarstrasse 8<br \/>\nCH &#8211; 9400 Rorschach[\/vc_column_text][\/vc_column][vc_column column_width_percent=&#8220;100&#8243; position_horizontal=&#8220;left&#8220; gutter_size=&#8220;3&#8243; style=&#8220;dark&#8220; overlay_alpha=&#8220;100&#8243; shift_x=&#8220;0&#8243; shift_y=&#8220;0&#8243; z_index=&#8220;0&#8243; medium_width=&#8220;3&#8243; zoom_width=&#8220;0&#8243; zoom_height=&#8220;0&#8243; width=&#8220;1\/4&#8243;][vc_custom_heading heading_semantic=&#8220;h5&#8243; text_size=&#8220;h3&#8243;]Kontakt[\/vc_custom_heading][vc_column_text]<a href=\"mailto:info@andando.ch\">info@andando.ch<\/a><br \/>\n+41 79 339 76 89[\/vc_column_text][\/vc_column][\/vc_row]<\/p>\n","protected":false},"excerpt":{"rendered":"<p>[vc_row row_height_percent=&#8220;100&#8243; back_color=&#8220;color-xsdn&#8220; back_image=&#8220;88853&#8243; back_position=&#8220;right top&#8220; overlay_alpha=&#8220;0&#8243; gutter_size=&#8220;3&#8243; column_width_percent=&#8220;100&#8243; shift_y=&#8220;0&#8243; z_index=&#8220;0&#8243; row_name=&#8220;Hallo&#8220;][vc_column column_width_percent=&#8220;100&#8243; position_vertical=&#8220;middle&#8220; gutter_size=&#8220;3&#8243; overlay_alpha=&#8220;50&#8243; shift_x=&#8220;0&#8243; shift_y=&#8220;0&#8243; shift_y_down=&#8220;0&#8243; z_index=&#8220;0&#8243; [&hellip;]<\/p>\n","protected":false},"author":1,"featured_media":0,"parent":0,"menu_order":0,"comment_status":"closed","ping_status":"closed","template":"","meta":{"footnotes":""},"class_list":["post-88462","page","type-page","status-publish","hentry","page_category-creative"],"_links":{"self":[{"href":"https:\/\/andando.ch\/new\/wp-json\/wp\/v2\/pages\/88462","targetHints":{"allow":["GET"]}}],"collection":[{"href":"https:\/\/andando.ch\/new\/wp-json\/wp\/v2\/pages"}],"about":[{"href":"https:\/\/andando.ch\/new\/wp-json\/wp\/v2\/types\/page"}],"author":[{"embeddable":true,"href":"https:\/\/andando.ch\/new\/wp-json\/wp\/v2\/users\/1"}],"replies":[{"embeddable":true,"href":"https:\/\/andando.ch\/new\/wp-json\/wp\/v2\/comments?post=88462"}],"version-history":[{"count":320,"href":"https:\/\/andando.ch\/new\/wp-json\/wp\/v2\/pages\/88462\/revisions"}],"predecessor-version":[{"id":88987,"href":"https:\/\/andando.ch\/new\/wp-json\/wp\/v2\/pages\/88462\/revisions\/88987"}],"wp:attachment":[{"href":"https:\/\/andando.ch\/new\/wp-json\/wp\/v2\/media?parent=88462"}],"curies":[{"name":"wp","href":"https:\/\/api.w.org\/{rel}","templated":true}]}}