{"id":88810,"date":"2021-05-20T07:32:45","date_gmt":"2021-05-20T07:32:45","guid":{"rendered":"https:\/\/andando.ch\/new\/?page_id=88810"},"modified":"2021-05-20T08:03:28","modified_gmt":"2021-05-20T08:03:28","slug":"ueber-mich","status":"publish","type":"page","link":"https:\/\/andando.ch\/new\/ueber-mich\/","title":{"rendered":"\u00dcber mich"},"content":{"rendered":"<p>[vc_row unlock_row=&#8220;&#8220; row_height_percent=&#8220;100&#8243; overlay_alpha=&#8220;50&#8243; gutter_size=&#8220;3&#8243; column_width_percent=&#8220;100&#8243; shift_y=&#8220;2&#8243; z_index=&#8220;0&#8243;][vc_column column_width_percent=&#8220;100&#8243; gutter_size=&#8220;3&#8243; overlay_alpha=&#8220;50&#8243; shift_x=&#8220;0&#8243; shift_y=&#8220;0&#8243; shift_y_down=&#8220;0&#8243; z_index=&#8220;0&#8243; medium_width=&#8220;0&#8243; mobile_width=&#8220;0&#8243; width=&#8220;5\/6&#8243;][vc_single_image media=&#8220;88337&#8243; media_width_percent=&#8220;100&#8243; alignment=&#8220;center&#8220;][vc_custom_heading text_font=&#8220;font-762333&#8243; text_size=&#8220;fontsize-338686&#8243; text_weight=&#8220;700&#8243; text_height=&#8220;fontheight-179065&#8243; text_space=&#8220;fontspace-111509&#8243; text_color=&#8220;color-105898&#8243;]\u00dcber mich[\/vc_custom_heading][vc_custom_heading text_font=&#8220;font-202503&#8243; text_size=&#8220;h4&#8243; text_weight=&#8220;400&#8243; text_height=&#8220;fontheight-357766&#8243;]andando \u2013 spanisch, gehend \u2013 meint in Bewegung kommen oder in Bewegung bleiben. Und weil das in Begleitung interessant, gut und zielf\u00fchrend ist, heisst meine Firma so. Ich begleite Einzelpersonen, Gruppen oder ganze Organisationen in ihren Ver\u00e4nderungsprozessen. andando gibt es seit 2004. Ich verf\u00fcge \u00fcber viel Felderfahrung in den Bereichen P\u00e4dagogik, Sonderp\u00e4dagogik, F\u00fchrung, Organisationsentwicklung und Mediation. Auf diesem Hintergrund stelle ich Fragen und stelle Ihnen meine langj\u00e4hrige Erfahrung zur Verf\u00fcgung. Es geht dabei ausschliesslich um Ihr Anliegen und Ihre L\u00f6sung.[\/vc_custom_heading][vc_custom_heading text_font=&#8220;font-202503&#8243; text_size=&#8220;h4&#8243; text_weight=&#8220;400&#8243; text_height=&#8220;fontheight-357766&#8243;]Ausbildungen Markus Grob:<\/p>\n<ul>\n<li>Mediator 2016 (<em>Trigon M\u00fcnchen<\/em>)<\/li>\n<li>MSc Organisational Development 2012 (<em>Schloss Hofen<\/em>)<\/li>\n<li>Akad. Supervisor &amp; Coach 2006 (<em>Schloss Hofen<\/em>)<\/li>\n<li>Management NPO 1993 (<em>Zentrum f\u00fcr Agogik &amp; Kommunikation<\/em>)<\/li>\n<li>Schulischer Heilp\u00e4dagoge 1979 (<em>HfH Z\u00fcrich<\/em>)<\/li>\n<\/ul>\n<p>&nbsp;[\/vc_custom_heading][\/vc_column][vc_column width=&#8220;1\/6&#8243;][vc_icon icon=&#8220;fa fa-arrow-up2&#8243; icon_color=&#8220;color-uydo&#8220; background_style=&#8220;fa-rounded&#8220; size=&#8220;fa-2x&#8220; linked_title=&#8220;yes&#8220; link=&#8220;url:https%3A%2F%2Fandando.ch%2Fnew%2F|title:Mediation&#8220;][\/vc_icon][\/vc_column][\/vc_row][vc_row row_height_percent=&#8220;100&#8243; overlay_alpha=&#8220;50&#8243; gutter_size=&#8220;3&#8243; column_width_percent=&#8220;100&#8243; shift_y=&#8220;0&#8243; z_index=&#8220;0&#8243;][vc_column width=&#8220;1\/1&#8243;][\/vc_column][\/vc_row]<\/p>\n","protected":false},"excerpt":{"rendered":"<p>[vc_row unlock_row=&#8220;&#8220; row_height_percent=&#8220;100&#8243; overlay_alpha=&#8220;50&#8243; gutter_size=&#8220;3&#8243; column_width_percent=&#8220;100&#8243; shift_y=&#8220;2&#8243; z_index=&#8220;0&#8243;][vc_column column_width_percent=&#8220;100&#8243; gutter_size=&#8220;3&#8243; overlay_alpha=&#8220;50&#8243; shift_x=&#8220;0&#8243; shift_y=&#8220;0&#8243; shift_y_down=&#8220;0&#8243; z_index=&#8220;0&#8243; medium_width=&#8220;0&#8243; mobile_width=&#8220;0&#8243; width=&#8220;5\/6&#8243;][vc_single_image media=&#8220;88337&#8243; media_width_percent=&#8220;100&#8243; [&hellip;]<\/p>\n","protected":false},"author":1,"featured_media":0,"parent":0,"menu_order":0,"comment_status":"closed","ping_status":"closed","template":"","meta":{"footnotes":""},"class_list":["post-88810","page","type-page","status-publish","hentry"],"_links":{"self":[{"href":"https:\/\/andando.ch\/new\/wp-json\/wp\/v2\/pages\/88810","targetHints":{"allow":["GET"]}}],"collection":[{"href":"https:\/\/andando.ch\/new\/wp-json\/wp\/v2\/pages"}],"about":[{"href":"https:\/\/andando.ch\/new\/wp-json\/wp\/v2\/types\/page"}],"author":[{"embeddable":true,"href":"https:\/\/andando.ch\/new\/wp-json\/wp\/v2\/users\/1"}],"replies":[{"embeddable":true,"href":"https:\/\/andando.ch\/new\/wp-json\/wp\/v2\/comments?post=88810"}],"version-history":[{"count":10,"href":"https:\/\/andando.ch\/new\/wp-json\/wp\/v2\/pages\/88810\/revisions"}],"predecessor-version":[{"id":88829,"href":"https:\/\/andando.ch\/new\/wp-json\/wp\/v2\/pages\/88810\/revisions\/88829"}],"wp:attachment":[{"href":"https:\/\/andando.ch\/new\/wp-json\/wp\/v2\/media?parent=88810"}],"curies":[{"name":"wp","href":"https:\/\/api.w.org\/{rel}","templated":true}]}}